{"id":13,"date":"2024-06-14T13:33:52","date_gmt":"2024-06-14T11:33:52","guid":{"rendered":"https:\/\/karpatialma.loc\/?page_id=13"},"modified":"2024-06-14T13:33:52","modified_gmt":"2024-06-14T11:33:52","slug":"rolam-bovebben","status":"publish","type":"page","link":"https:\/\/karpatialma.hu\/?page_id=13","title":{"rendered":"R\u00f3lam b\u0151vebben"},"content":{"rendered":"\n<p><\/p>\n\n\n\n<p>Els\u0151 diplom\u00e1mat gazdas\u00e1gi ter\u00fcleten szereztem, majd gyermekeim sz\u00fclet\u00e9s\u00e9ig v\u00e1llalati k\u00f6rnyezetben dolgoztam. A bab\u00e1z\u00f3s \u00e9vek alatt r\u00e1j\u00f6ttem, hogy m\u00e1r nem v\u00e1gyom vissza erre a ter\u00fcletre, elhat\u00e1roztam, hogy a sz\u00e1momra mindig is oly vonz\u00f3 pszichol\u00f3gi\u00e1val szeretn\u00e9k foglalkozni. Ezt a d\u00f6nt\u00e9st az\u00f3ta \u00e9letem egyik fordul\u00f3pontj\u00e1nak tekintem \u00e9s nagyon \u00f6r\u00fcl\u00f6k, hogy annak idej\u00e9n &#8211; nem kev\u00e9s r\u00e1g\u00f3d\u00e1s ut\u00e1n \u2013 v\u00e9g\u00fcl bele mertem v\u00e1gni a v\u00e1ltoz\u00e1sba. \u00c9letem az\u00f3ta tulajdonk\u00e9ppen folyamatos tanul\u00e1s, a k\u00fcl\u00f6nb\u00f6z\u0151 elm\u00e9leti k\u00e9pz\u00e9sek mellett a mindennapok gyakorlat\u00e1ban is \u2013 ami\u00e9rt nagyon h\u00e1l\u00e1s vagyok. <\/p>\n\n\n\n<p>A K\u00e1roli G\u00e1sp\u00e1r Reform\u00e1tus Egyetem B\u00f6lcs\u00e9szettudom\u00e1nyi Kar\u00e1n v\u00e9geztem okleveles pszichol\u00f3gusk\u00e9nt, jelenleg a Semmelweis Egyetem \u00c1ltal\u00e1nos Orvostudom\u00e1nyi Kar\u00e1n, a Klinikai Pszichol\u00f3gia Tansz\u00e9ken v\u00e9gzem a Gyermek klinikai \u00e9s ment\u00e1lhigi\u00e9niai szakpszichol\u00f3gus szakk\u00e9pz\u00e9s utols\u00f3 \u00e9v\u00e9t.<\/p>\n\n\n\n<p>\u00d6nismeretemet dinamikus r\u00f6vidter\u00e1pi\u00e1s (DREAM), illetve s\u00e9mater\u00e1pi\u00e1s f\u00f3kusz\u00fa kognit\u00edv \u00f6nismereti csoportokban, egy\u00e9ni analitikus folyamatban fejlesztettem. Nem k\u00f6telez\u0151dtem el egyetlen m\u00f3dszer mellett, munk\u00e1mat Rogers-i szeml\u00e9letben, kognit\u00edv- \u00e9s viselked\u00e9ster\u00e1pi\u00e1s, illetve s\u00e9mater\u00e1pi\u00e1s eszk\u00f6z\u00f6ket, dinamikus elemeket haszn\u00e1lva, a kapcsolat gy\u00f3gy\u00edt\u00f3 erej\u00e9be vetett hittel v\u00e9gzem.<\/p>\n","protected":false},"excerpt":{"rendered":"<p>Els\u0151 diplom\u00e1mat gazdas\u00e1gi ter\u00fcleten szereztem, majd gyermekeim sz\u00fclet\u00e9s\u00e9ig v\u00e1llalati k\u00f6rnyezetben dolgoztam. A bab\u00e1z\u00f3s \u00e9vek alatt r\u00e1j\u00f6ttem, hogy m\u00e1r nem v\u00e1gyom vissza erre a ter\u00fcletre, elhat\u00e1roztam, hogy a sz\u00e1momra mindig is oly vonz\u00f3 pszichol\u00f3gi\u00e1val szeretn\u00e9k foglalkozni. Ezt a d\u00f6nt\u00e9st az\u00f3ta \u00e9letem egyik fordul\u00f3pontj\u00e1nak tekintem \u00e9s nagyon \u00f6r\u00fcl\u00f6k, hogy annak idej\u00e9n &#8211; nem kev\u00e9s r\u00e1g\u00f3d\u00e1s ut\u00e1n \u2013 [&hellip;]<\/p>\n","protected":false},"author":1,"featured_media":0,"parent":0,"menu_order":0,"comment_status":"closed","ping_status":"closed","template":"","meta":{"footnotes":""},"_links":{"self":[{"href":"https:\/\/karpatialma.hu\/index.php?rest_route=\/wp\/v2\/pages\/13"}],"collection":[{"href":"https:\/\/karpatialma.hu\/index.php?rest_route=\/wp\/v2\/pages"}],"about":[{"href":"https:\/\/karpatialma.hu\/index.php?rest_route=\/wp\/v2\/types\/page"}],"author":[{"embeddable":true,"href":"https:\/\/karpatialma.hu\/index.php?rest_route=\/wp\/v2\/users\/1"}],"replies":[{"embeddable":true,"href":"https:\/\/karpatialma.hu\/index.php?rest_route=%2Fwp%2Fv2%2Fcomments&post=13"}],"version-history":[{"count":1,"href":"https:\/\/karpatialma.hu\/index.php?rest_route=\/wp\/v2\/pages\/13\/revisions"}],"predecessor-version":[{"id":16,"href":"https:\/\/karpatialma.hu\/index.php?rest_route=\/wp\/v2\/pages\/13\/revisions\/16"}],"wp:attachment":[{"href":"https:\/\/karpatialma.hu\/index.php?rest_route=%2Fwp%2Fv2%2Fmedia&parent=13"}],"curies":[{"name":"wp","href":"https:\/\/api.w.org\/{rel}","templated":true}]}}