{"id":8,"date":"2024-06-14T13:22:08","date_gmt":"2024-06-14T11:22:08","guid":{"rendered":"https:\/\/karpatialma.loc\/?page_id=8"},"modified":"2025-01-10T14:23:21","modified_gmt":"2025-01-10T13:23:21","slug":"kapcsolat","status":"publish","type":"page","link":"https:\/\/karpatialma.hu\/?page_id=8","title":{"rendered":"Kapcsolat"},"content":{"rendered":"\n<p><\/p>\n\n\n\n<p><a href=\"mailto:karpatialmapszichologus@gmail.com\">karpatialmapszichologus@gmail.com<\/a><br><a href=\"tel:+3630 2117350\">+3630 2117350<\/a><\/p>\n\n\n\n<p><br><strong>Budapest 1126, Dolgos u. 9.<\/strong><br><br><iframe src=\"https:\/\/www.google.com\/maps\/embed?pb=!1m18!1m12!1m3!1d2695.9110548815866!2d19.018382176051592!3d47.49164607117948!2m3!1f0!2f0!3f0!3m2!1i1024!2i768!4f13.1!3m3!1m2!1s0x4741dc28fd8482a9%3A0x83827143bb81714c!2sBudapest%2C%20Dolgos%20utca%209%2C%201126!5e0!3m2!1shu!2shu!4v1718696717932!5m2!1shu!2shu\" width=\"100%\" height=\"450\" style=\"border:0;\" allowfullscreen=\"\" loading=\"lazy\" referrerpolicy=\"no-referrer-when-downgrade\"><\/iframe> <br><br><strong>Id\u0151pontok:<\/strong><br>H\u00e9tf\u0151: 8.00-19.00 szem\u00e9lyesen vagy online<br>Szerda: 16-18.00 szem\u00e9lyesen vagy online<br>P\u00e9ntek: 16.00-18.00 online<br>Illetve egy\u00e9ni megbesz\u00e9l\u00e9s alapj\u00e1n egy\u00e9b id\u0151pont is lehets\u00e9ges.<\/p>\n","protected":false},"excerpt":{"rendered":"<p>karpatialmapszichologus@gmail.com+3630 2117350 Budapest 1126, Dolgos u. 9. Id\u0151pontok:H\u00e9tf\u0151: 8.00-19.00 szem\u00e9lyesen vagy onlineSzerda: 16-18.00 szem\u00e9lyesen vagy onlineP\u00e9ntek: 16.00-18.00 onlineIlletve egy\u00e9ni megbesz\u00e9l\u00e9s alapj\u00e1n egy\u00e9b id\u0151pont is lehets\u00e9ges.<\/p>\n","protected":false},"author":1,"featured_media":0,"parent":0,"menu_order":0,"comment_status":"closed","ping_status":"closed","template":"","meta":{"footnotes":""},"_links":{"self":[{"href":"https:\/\/karpatialma.hu\/index.php?rest_route=\/wp\/v2\/pages\/8"}],"collection":[{"href":"https:\/\/karpatialma.hu\/index.php?rest_route=\/wp\/v2\/pages"}],"about":[{"href":"https:\/\/karpatialma.hu\/index.php?rest_route=\/wp\/v2\/types\/page"}],"author":[{"embeddable":true,"href":"https:\/\/karpatialma.hu\/index.php?rest_route=\/wp\/v2\/users\/1"}],"replies":[{"embeddable":true,"href":"https:\/\/karpatialma.hu\/index.php?rest_route=%2Fwp%2Fv2%2Fcomments&post=8"}],"version-history":[{"count":8,"href":"https:\/\/karpatialma.hu\/index.php?rest_route=\/wp\/v2\/pages\/8\/revisions"}],"predecessor-version":[{"id":60,"href":"https:\/\/karpatialma.hu\/index.php?rest_route=\/wp\/v2\/pages\/8\/revisions\/60"}],"wp:attachment":[{"href":"https:\/\/karpatialma.hu\/index.php?rest_route=%2Fwp%2Fv2%2Fmedia&parent=8"}],"curies":[{"name":"wp","href":"https:\/\/api.w.org\/{rel}","templated":true}]}}